{"id":2438,"date":"2025-08-16T08:46:32","date_gmt":"2025-08-16T08:46:32","guid":{"rendered":"https:\/\/www.laiamilanesipsicologia.com\/aviso-legal\/"},"modified":"2025-10-28T07:18:40","modified_gmt":"2025-10-28T07:18:40","slug":"aviso-legal","status":"publish","type":"page","link":"https:\/\/www.laiamilanesipsicologia.com\/ca\/aviso-legal\/","title":{"rendered":"Av\u00eds Legal"},"content":{"rendered":"<p data-start=\"248\" data-end=\"350\">Esta p\u00e1gina Web es propiedad de Laia Milanesi Varona&nbsp;con NIF <strong data-start=\"334\" data-end=\"347\">23868291H<\/strong>.<\/p>\n<p data-start=\"480\" data-end=\"641\">Esta p\u00e1gina Web se rige por la normativa exclusivamente aplicable en Espa\u00f1a, quedando sometida a ella, tanto nacionales como extranjeros que utilicen esta Web.<\/p>\n<p data-start=\"643\" data-end=\"1222\">El acceso a nuestra p\u00e1gina Web por parte del <strong data-start=\"688\" data-end=\"699\">USUARIO<\/strong> es gratuito y est\u00e1 condicionado a la previa lectura y aceptaci\u00f3n \u00edntegra, expresa y sin reservas de las presentes <strong data-start=\"814\" data-end=\"846\">CONDICIONES GENERALES DE USO<\/strong> vigentes en el momento del acceso, que rogamos lea detenidamente. El USUARIO, en el momento que utiliza nuestro portal, sus contenidos o servicios, acepta y se somete expresamente a las condiciones generales de uso del mismo. Si el usuario no estuviere de acuerdo con las presentes condiciones de uso, deber\u00e1 abstenerse de utilizar este portal y operar por medio del mismo.<\/p>\n<p data-start=\"1224\" data-end=\"1471\">En cualquier momento podremos modificar la presentaci\u00f3n y configuraci\u00f3n de nuestra Web, ampliar o reducir servicios, e incluso suprimirla de la Red, as\u00ed como los servicios y contenidos prestados, todo ello de forma unilateral y sin previo aviso.<\/p>\n<hr data-start=\"1473\" data-end=\"1476\">\n<p data-start=\"1478\" data-end=\"1508\"><strong data-start=\"1478\" data-end=\"1506\">A. PROPIEDAD INTELECTUAL<\/strong><\/p>\n<p data-start=\"1510\" data-end=\"1984\">Todos los contenidos, textos, im\u00e1genes, marcas y c\u00f3digos fuente son de nuestra propiedad o de terceros a los que se han adquirido sus derechos de explotaci\u00f3n, y est\u00e1n protegidos por los derechos de Propiedad Intelectual e Industrial.<br data-start=\"1743\" data-end=\"1746\">El usuario \u00fanicamente tiene derecho a un uso privado de los mismos, sin \u00e1nimo de lucro, y necesita autorizaci\u00f3n expresa para modificarlos, reproducirlos, explotarlos, distribuirlos o ejercer cualquier derecho perteneciente a su titular.<\/p>\n<hr data-start=\"1986\" data-end=\"1989\">\n<p data-start=\"1991\" data-end=\"2021\"><strong data-start=\"1991\" data-end=\"2019\">B. CONDICIONES DE ACCESO<\/strong><\/p>\n<p data-start=\"2023\" data-end=\"2229\">El acceso a nuestra p\u00e1gina Web es gratuito y no exige previa suscripci\u00f3n o registro. El env\u00edo de datos personales implica la aceptaci\u00f3n expresa por parte del USUARIO de nuestra <strong data-start=\"2200\" data-end=\"2226\">Pol\u00edtica de Privacidad<\/strong>.<\/p>\n<p data-start=\"2231\" data-end=\"2577\">El usuario debe acceder a nuestra p\u00e1gina Web conforme a la buena fe, las normas de orden p\u00fablico y a las presentes Condiciones Generales de uso. El acceso a nuestro sitio Web se realiza bajo la propia y exclusiva responsabilidad del usuario, que responder\u00e1 en todo caso de los da\u00f1os y perjuicios que pueda causar a terceros o a nosotros mismos.<\/p>\n<p data-start=\"2579\" data-end=\"3030\">Teniendo en cuenta la imposibilidad de control respecto a la informaci\u00f3n, contenidos y servicios que contengan otras p\u00e1ginas web a los que se pueda acceder a trav\u00e9s de los enlaces que nuestra p\u00e1gina web pueda poner a su disposici\u00f3n, le comunicamos que quedamos eximidos de cualquier responsabilidad por los da\u00f1os y perjuicios de toda clase que pudiesen derivar por la utilizaci\u00f3n de esas p\u00e1ginas web, ajenas a nuestra empresa, por parte del usuario.<\/p>","protected":false},"excerpt":{"rendered":"<p>Esta p\u00e1gina Web es propiedad de Laia Milanesi Varona&nbsp;con NIF 23868291H. Esta p\u00e1gina Web se rige por la normativa exclusivamente aplicable en Espa\u00f1a, quedando sometida a ella, tanto nacionales como extranjeros que utilicen esta Web. El acceso a nuestra p\u00e1gina Web por parte del USUARIO es gratuito y est\u00e1 condicionado a la previa lectura y [&hellip;]<\/p>","protected":false},"author":1,"featured_media":0,"parent":0,"menu_order":0,"comment_status":"closed","ping_status":"closed","template":"","meta":{"_uag_custom_page_level_css":"","site-sidebar-layout":"no-sidebar","site-content-layout":"page-builder","ast-site-content-layout":"full-width-container","site-content-style":"unboxed","site-sidebar-style":"unboxed","ast-global-header-display":"","ast-banner-title-visibility":"","ast-main-header-display":"","ast-hfb-above-header-display":"","ast-hfb-below-header-display":"","ast-hfb-mobile-header-display":"","site-post-title":"","ast-breadcrumbs-content":"","ast-featured-img":"disabled","footer-sml-layout":"","theme-transparent-header-meta":"","adv-header-id-meta":"","stick-header-meta":"","header-above-stick-meta":"","header-main-stick-meta":"","header-below-stick-meta":"","astra-migrate-meta-layouts":"set","ast-page-background-enabled":"default","ast-page-background-meta":{"desktop":{"background-color":"var(--ast-global-color-4)","background-image":"","background-repeat":"repeat","background-position":"center center","background-size":"auto","background-attachment":"scroll","background-type":"","background-media":"","overlay-type":"","overlay-color":"","overlay-opacity":"","overlay-gradient":""},"tablet":{"background-color":"","background-image":"","background-repeat":"repeat","background-position":"center center","background-size":"auto","background-attachment":"scroll","background-type":"","background-media":"","overlay-type":"","overlay-color":"","overlay-opacity":"","overlay-gradient":""},"mobile":{"background-color":"","background-image":"","background-repeat":"repeat","background-position":"center center","background-size":"auto","background-attachment":"scroll","background-type":"","background-media":"","overlay-type":"","overlay-color":"","overlay-opacity":"","overlay-gradient":""}},"ast-content-background-meta":{"desktop":{"background-color":"var(--ast-global-color-5)","background-image":"","background-repeat":"repeat","background-position":"center center","background-size":"auto","background-attachment":"scroll","background-type":"","background-media":"","overlay-type":"","overlay-color":"","overlay-opacity":"","overlay-gradient":""},"tablet":{"background-color":"var(--ast-global-color-5)","background-image":"","background-repeat":"repeat","background-position":"center center","background-size":"auto","background-attachment":"scroll","background-type":"","background-media":"","overlay-type":"","overlay-color":"","overlay-opacity":"","overlay-gradient":""},"mobile":{"background-color":"var(--ast-global-color-5)","background-image":"","background-repeat":"repeat","background-position":"center center","background-size":"auto","background-attachment":"scroll","background-type":"","background-media":"","overlay-type":"","overlay-color":"","overlay-opacity":"","overlay-gradient":""}},"footnotes":""},"class_list":["post-2438","page","type-page","status-publish","hentry"],"yoast_head":"<!-- This site is optimized with the Yoast SEO plugin v25.7 - https:\/\/yoast.com\/wordpress\/plugins\/seo\/ -->\n<title>Aviso Legal - laiamilanesipsicologia<\/title>\n<meta name=\"robots\" content=\"index, follow, max-snippet:-1, max-image-preview:large, max-video-preview:-1\" \/>\n<link rel=\"canonical\" href=\"https:\/\/www.laiamilanesipsicologia.com\/ca\/aviso-legal\/\" \/>\n<meta property=\"og:locale\" content=\"ca_ES\" \/>\n<meta property=\"og:type\" content=\"article\" \/>\n<meta property=\"og:title\" content=\"Aviso Legal - laiamilanesipsicologia\" \/>\n<meta property=\"og:description\" content=\"Esta p\u00e1gina Web es propiedad de Laia Milanesi Varona&nbsp;con NIF 23868291H. Esta p\u00e1gina Web se rige por la normativa exclusivamente aplicable en Espa\u00f1a, quedando sometida a ella, tanto nacionales como extranjeros que utilicen esta Web. El acceso a nuestra p\u00e1gina Web por parte del USUARIO es gratuito y est\u00e1 condicionado a la previa lectura y [&hellip;]\" \/>\n<meta property=\"og:url\" content=\"https:\/\/www.laiamilanesipsicologia.com\/ca\/aviso-legal\/\" \/>\n<meta property=\"og:site_name\" content=\"laiamilanesipsicologia\" \/>\n<meta property=\"article:modified_time\" content=\"2025-10-28T07:18:40+00:00\" \/>\n<meta name=\"twitter:card\" content=\"summary_large_image\" \/>\n<meta name=\"twitter:label1\" content=\"Temps estimat de lectura\" \/>\n\t<meta name=\"twitter:data1\" content=\"2 minuts\" \/>\n<script type=\"application\/ld+json\" class=\"yoast-schema-graph\">{\"@context\":\"https:\/\/schema.org\",\"@graph\":[{\"@type\":\"WebPage\",\"@id\":\"https:\/\/www.laiamilanesipsicologia.com\/aviso-legal\/\",\"url\":\"https:\/\/www.laiamilanesipsicologia.com\/aviso-legal\/\",\"name\":\"Aviso Legal - laiamilanesipsicologia\",\"isPartOf\":{\"@id\":\"https:\/\/www.laiamilanesipsicologia.com\/#website\"},\"datePublished\":\"2025-08-16T08:46:32+00:00\",\"dateModified\":\"2025-10-28T07:18:40+00:00\",\"breadcrumb\":{\"@id\":\"https:\/\/www.laiamilanesipsicologia.com\/aviso-legal\/#breadcrumb\"},\"inLanguage\":\"ca\",\"potentialAction\":[{\"@type\":\"ReadAction\",\"target\":[\"https:\/\/www.laiamilanesipsicologia.com\/aviso-legal\/\"]}]},{\"@type\":\"BreadcrumbList\",\"@id\":\"https:\/\/www.laiamilanesipsicologia.com\/aviso-legal\/#breadcrumb\",\"itemListElement\":[{\"@type\":\"ListItem\",\"position\":1,\"name\":\"Portada\",\"item\":\"https:\/\/www.laiamilanesipsicologia.com\/\"},{\"@type\":\"ListItem\",\"position\":2,\"name\":\"Aviso Legal\"}]},{\"@type\":\"WebSite\",\"@id\":\"https:\/\/www.laiamilanesipsicologia.com\/#website\",\"url\":\"https:\/\/www.laiamilanesipsicologia.com\/\",\"name\":\"laiamilanesipsicologia\",\"description\":\"P\u00e1gina Web de laiamilanesipsicologia\",\"publisher\":{\"@id\":\"https:\/\/www.laiamilanesipsicologia.com\/#\/schema\/person\/e84e0e4bff4de2690a6660be7a344f48\"},\"potentialAction\":[{\"@type\":\"SearchAction\",\"target\":{\"@type\":\"EntryPoint\",\"urlTemplate\":\"https:\/\/www.laiamilanesipsicologia.com\/?s={search_term_string}\"},\"query-input\":{\"@type\":\"PropertyValueSpecification\",\"valueRequired\":true,\"valueName\":\"search_term_string\"}}],\"inLanguage\":\"ca\"},{\"@type\":[\"Person\",\"Organization\"],\"@id\":\"https:\/\/www.laiamilanesipsicologia.com\/#\/schema\/person\/e84e0e4bff4de2690a6660be7a344f48\",\"name\":\"Laia Milanesi Varona\",\"image\":{\"@type\":\"ImageObject\",\"inLanguage\":\"ca\",\"@id\":\"https:\/\/www.laiamilanesipsicologia.com\/#\/schema\/person\/image\/\",\"url\":\"https:\/\/www.laiamilanesipsicologia.com\/wp-content\/uploads\/2025\/08\/1.png\",\"contentUrl\":\"https:\/\/www.laiamilanesipsicologia.com\/wp-content\/uploads\/2025\/08\/1.png\",\"width\":1080,\"height\":1080,\"caption\":\"Laia Milanesi Varona\"},\"logo\":{\"@id\":\"https:\/\/www.laiamilanesipsicologia.com\/#\/schema\/person\/image\/\"},\"sameAs\":[\"https:\/\/www.laiamilanesipsicologia.com\",\"https:\/\/www.instagram.com\/laiamilanesipsicologia\",\"www.linkedin.com\/in\/laia-milanesi-varona-291984374\"]}]}<\/script>\n<!-- \/ Yoast SEO plugin. -->","yoast_head_json":{"title":"Aviso Legal - laiamilanesipsicologia","robots":{"index":"index","follow":"follow","max-snippet":"max-snippet:-1","max-image-preview":"max-image-preview:large","max-video-preview":"max-video-preview:-1"},"canonical":"https:\/\/www.laiamilanesipsicologia.com\/ca\/aviso-legal\/","og_locale":"ca_ES","og_type":"article","og_title":"Aviso Legal - laiamilanesipsicologia","og_description":"Esta p\u00e1gina Web es propiedad de Laia Milanesi Varona&nbsp;con NIF 23868291H. Esta p\u00e1gina Web se rige por la normativa exclusivamente aplicable en Espa\u00f1a, quedando sometida a ella, tanto nacionales como extranjeros que utilicen esta Web. El acceso a nuestra p\u00e1gina Web por parte del USUARIO es gratuito y est\u00e1 condicionado a la previa lectura y [&hellip;]","og_url":"https:\/\/www.laiamilanesipsicologia.com\/ca\/aviso-legal\/","og_site_name":"laiamilanesipsicologia","article_modified_time":"2025-10-28T07:18:40+00:00","twitter_card":"summary_large_image","twitter_misc":{"Temps estimat de lectura":"2 minuts"},"schema":{"@context":"https:\/\/schema.org","@graph":[{"@type":"WebPage","@id":"https:\/\/www.laiamilanesipsicologia.com\/aviso-legal\/","url":"https:\/\/www.laiamilanesipsicologia.com\/aviso-legal\/","name":"Aviso Legal - laiamilanesipsicologia","isPartOf":{"@id":"https:\/\/www.laiamilanesipsicologia.com\/#website"},"datePublished":"2025-08-16T08:46:32+00:00","dateModified":"2025-10-28T07:18:40+00:00","breadcrumb":{"@id":"https:\/\/www.laiamilanesipsicologia.com\/aviso-legal\/#breadcrumb"},"inLanguage":"ca","potentialAction":[{"@type":"ReadAction","target":["https:\/\/www.laiamilanesipsicologia.com\/aviso-legal\/"]}]},{"@type":"BreadcrumbList","@id":"https:\/\/www.laiamilanesipsicologia.com\/aviso-legal\/#breadcrumb","itemListElement":[{"@type":"ListItem","position":1,"name":"Portada","item":"https:\/\/www.laiamilanesipsicologia.com\/"},{"@type":"ListItem","position":2,"name":"Aviso Legal"}]},{"@type":"WebSite","@id":"https:\/\/www.laiamilanesipsicologia.com\/#website","url":"https:\/\/www.laiamilanesipsicologia.com\/","name":"laiamilanesipsicologia","description":"P\u00e1gina Web de laiamilanesipsicologia","publisher":{"@id":"https:\/\/www.laiamilanesipsicologia.com\/#\/schema\/person\/e84e0e4bff4de2690a6660be7a344f48"},"potentialAction":[{"@type":"SearchAction","target":{"@type":"EntryPoint","urlTemplate":"https:\/\/www.laiamilanesipsicologia.com\/?s={search_term_string}"},"query-input":{"@type":"PropertyValueSpecification","valueRequired":true,"valueName":"search_term_string"}}],"inLanguage":"ca"},{"@type":["Person","Organization"],"@id":"https:\/\/www.laiamilanesipsicologia.com\/#\/schema\/person\/e84e0e4bff4de2690a6660be7a344f48","name":"Laia Milanesi Varona","image":{"@type":"ImageObject","inLanguage":"ca","@id":"https:\/\/www.laiamilanesipsicologia.com\/#\/schema\/person\/image\/","url":"https:\/\/www.laiamilanesipsicologia.com\/wp-content\/uploads\/2025\/08\/1.png","contentUrl":"https:\/\/www.laiamilanesipsicologia.com\/wp-content\/uploads\/2025\/08\/1.png","width":1080,"height":1080,"caption":"Laia Milanesi Varona"},"logo":{"@id":"https:\/\/www.laiamilanesipsicologia.com\/#\/schema\/person\/image\/"},"sameAs":["https:\/\/www.laiamilanesipsicologia.com","https:\/\/www.instagram.com\/laiamilanesipsicologia","www.linkedin.com\/in\/laia-milanesi-varona-291984374"]}]}},"uagb_featured_image_src":{"full":false,"thumbnail":false,"medium":false,"medium_large":false,"large":false,"1536x1536":false,"2048x2048":false,"trp-custom-language-flag":false},"uagb_author_info":{"display_name":"Laia Milanesi Varona","author_link":"https:\/\/www.laiamilanesipsicologia.com\/ca\/author\/admin\/"},"uagb_comment_info":0,"uagb_excerpt":"Esta p\u00e1gina Web es propiedad de Laia Milanesi Varona&nbsp;con NIF 23868291H. Esta p\u00e1gina Web se rige por la normativa exclusivamente aplicable en Espa\u00f1a, quedando sometida a ella, tanto nacionales como extranjeros que utilicen esta Web. El acceso a nuestra p\u00e1gina Web por parte del USUARIO es gratuito y est\u00e1 condicionado a la previa lectura y&hellip;","_links":{"self":[{"href":"https:\/\/www.laiamilanesipsicologia.com\/ca\/wp-json\/wp\/v2\/pages\/2438","targetHints":{"allow":["GET"]}}],"collection":[{"href":"https:\/\/www.laiamilanesipsicologia.com\/ca\/wp-json\/wp\/v2\/pages"}],"about":[{"href":"https:\/\/www.laiamilanesipsicologia.com\/ca\/wp-json\/wp\/v2\/types\/page"}],"author":[{"embeddable":true,"href":"https:\/\/www.laiamilanesipsicologia.com\/ca\/wp-json\/wp\/v2\/users\/1"}],"replies":[{"embeddable":true,"href":"https:\/\/www.laiamilanesipsicologia.com\/ca\/wp-json\/wp\/v2\/comments?post=2438"}],"version-history":[{"count":4,"href":"https:\/\/www.laiamilanesipsicologia.com\/ca\/wp-json\/wp\/v2\/pages\/2438\/revisions"}],"predecessor-version":[{"id":2715,"href":"https:\/\/www.laiamilanesipsicologia.com\/ca\/wp-json\/wp\/v2\/pages\/2438\/revisions\/2715"}],"wp:attachment":[{"href":"https:\/\/www.laiamilanesipsicologia.com\/ca\/wp-json\/wp\/v2\/media?parent=2438"}],"curies":[{"name":"wp","href":"https:\/\/api.w.org\/{rel}","templated":true}]}}