{"id":2339,"date":"2025-08-15T20:46:09","date_gmt":"2025-08-15T20:46:09","guid":{"rendered":"https:\/\/www.laiamilanesipsicologia.com\/?page_id=2339"},"modified":"2025-08-16T07:30:15","modified_gmt":"2025-08-16T07:30:15","slug":"politica-de-privacidad","status":"publish","type":"page","link":"https:\/\/www.laiamilanesipsicologia.com\/ca\/politica-de-privacidad\/","title":{"rendered":"Pol\u00edtica de privacitat"},"content":{"rendered":"<h2 class=\"wp-block-heading\">Qui\u00e9nes somos<\/h2>\n\n\n\n<p>La responsable del tratamiento de los datos recogidos en esta web es:<br><strong>Laia Milanesi \u2013 Psic\u00f3loga General Sanitaria<\/strong><br>N.\u00ba de Colegiada: 34857<br>Correo electr\u00f3nico de contacto: laiamilanesipsicologia@gmail.com<br>Direcci\u00f3n web: <a class=\"\" href=\"https:\/\/www.laiamilanesipsicologia.com\/ca\/\">https:\/\/www.laiamilanesipsicologia.com<\/a><\/p>\n\n\n\n<h2 class=\"wp-block-heading\">Comentarios<\/h2>\n\n\n\n<p>En esta web no est\u00e1 habilitada la funci\u00f3n de comentarios.<br>En caso de habilitarse en el futuro, se aplicar\u00e1n las medidas est\u00e1ndar de WordPress: recopilaci\u00f3n de datos del formulario de comentarios, direcci\u00f3n IP y cadena de agentes de usuario del navegador para ayudar a la detecci\u00f3n de spam.<\/p>\n\n\n\n<p>Una cadena an\u00f3nima creada a partir de tu direcci\u00f3n de correo electr\u00f3nico (tambi\u00e9n llamada <em>hash<\/em>) podr\u00eda proporcionarse al servicio Gravatar para verificar si la usas. La pol\u00edtica de privacidad del servicio Gravatar est\u00e1 disponible aqu\u00ed: <a class=\"\" href=\"https:\/\/automattic.com\/privacy\/\">https:\/\/automattic.com\/privacy\/<\/a>. Tras la aprobaci\u00f3n de tu comentario, la imagen de tu perfil ser\u00eda visible p\u00fablicamente en el contexto del mismo.<\/p>\n\n\n\n<h2 class=\"wp-block-heading\">Medios<\/h2>\n\n\n\n<p>Si subes im\u00e1genes a la web, deber\u00edas evitar subir im\u00e1genes con datos de ubicaci\u00f3n (GPS EXIF). Los visitantes de la web pueden descargar y extraer cualquier dato de ubicaci\u00f3n de las im\u00e1genes de la web.<\/p>\n\n\n\n<h2 class=\"wp-block-heading\">Cookies<\/h2>\n\n\n\n<p>Si dejas un comentario en nuestro sitio (en caso de estar habilitados), podr\u00e1s elegir guardar tu nombre, direcci\u00f3n de correo electr\u00f3nico y web en cookies. Esto es para tu comodidad, de manera que no tengas que volver a rellenar tus datos en futuros comentarios. Estas cookies tendr\u00e1n una duraci\u00f3n de un a\u00f1o.<\/p>\n\n\n\n<p>Si tienes una cuenta y te conectas a este sitio, se instalar\u00e1 una cookie temporal para determinar si tu navegador acepta cookies. Esta cookie no contiene datos personales y se elimina al cerrar el navegador.<\/p>\n\n\n\n<p>Cuando accedas, tambi\u00e9n se instalar\u00e1n varias cookies para guardar tu informaci\u00f3n de acceso y tus opciones de visualizaci\u00f3n de pantalla.<\/p>\n\n\n\n<ul class=\"wp-block-list\">\n<li>Las cookies de acceso duran dos d\u00edas.<\/li>\n\n\n\n<li>Las cookies de opciones de pantalla duran un a\u00f1o.<\/li>\n\n\n\n<li>Si seleccionas \u00abRecu\u00e9rdame\u00bb, tu acceso perdurar\u00e1 durante dos semanas.<\/li>\n\n\n\n<li>Si cierras la sesi\u00f3n, las cookies de acceso se eliminar\u00e1<\/li>\n<\/ul>\n\n\n\n<p>Si editas o publicas un art\u00edculo se guardar\u00e1 una cookie adicional en tu navegador. Esta cookie no incluye datos personales y simplemente indica el ID del art\u00edculo que acabas de editar. Caduca despu\u00e9s de 1 d\u00eda.<\/p>\n\n\n\n<p>Adem\u00e1s, esta web utiliza cookies t\u00e9cnicas necesarias para su correcto funcionamiento y, eventualmente, cookies de an\u00e1lisis y de terceros (por ejemplo, Google Analytics), siempre con tu consentimiento previo.<\/p>\n\n\n\n<p>Puedes configurar tu navegador para rechazar o eliminar cookies. M\u00e1s informaci\u00f3n en la [Pol\u00edtica de Cookies].<\/p>\n\n\n\n<h2 class=\"wp-block-heading\">Contenido incrustado de otros sitios web<\/h2>\n\n\n\n<p>Los art\u00edculos o p\u00e1ginas de este sitio pueden incluir contenido incrustado (por ejemplo, v\u00eddeos, im\u00e1genes, art\u00edculos, etc.).<br>El contenido incrustado de otras webs se comporta exactamente de la misma manera que si el visitante hubiera visitado directamente la otra web.<\/p>\n\n\n\n<p>Estas webs pueden recopilar datos sobre ti, utilizar cookies, incrustar un seguimiento adicional de terceros y supervisar tu interacci\u00f3n con ese contenido, incluida tu interacci\u00f3n si tienes una cuenta y est\u00e1s conectado a esa web.<\/p>\n\n\n\n<h2 class=\"wp-block-heading\">Con qui\u00e9n compartimos tus datos<\/h2>\n\n\n\n<p>No se comparten datos personales con terceros, salvo obligaci\u00f3n legal.<br>En el caso de que solicites un restablecimiento de contrase\u00f1a (si se habilita la funci\u00f3n de registro), tu direcci\u00f3n IP ser\u00e1 incluida en el correo electr\u00f3nico de restablecimiento.<\/p>\n\n\n\n<h2 class=\"wp-block-heading\">Cu\u00e1nto tiempo conservamos tus datos<\/h2>\n\n\n\n<ul class=\"wp-block-list\">\n<li>Si dejas un comentario (en caso de estar habilitados), tanto el comentario como sus metadatos se conservar\u00e1n indefinidamente. Esto es para reconocer y aprobar comentarios sucesivos autom\u00e1ticamente, en lugar de mantenerlos en una cola de moderaci\u00f3n.<\/li>\n\n\n\n<li>Los datos de contacto enviados a trav\u00e9s de formularios de la web o por correo electr\u00f3nico se conservar\u00e1n \u00fanicamente durante el tiempo necesario para responder a tu solicitud o mientras exista una relaci\u00f3n profesional. Posteriormente se eliminar\u00e1n de forma segura.<\/li>\n\n\n\n<li>Los usuarios que se registren en la web (si esta funcionalidad se habilita) podr\u00e1n ver, editar o eliminar su informaci\u00f3n personal en cualquier momento, excepto el nombre de usuario. Los administradores de la web tambi\u00e9n pueden ver y editar esa informaci\u00f3n.<\/li>\n<\/ul>\n\n\n\n<p><\/p>\n\n\n\n<h2 class=\"wp-block-heading\">Qu\u00e9 derechos tienes sobre tus datos<\/h2>\n\n\n\n<p>Si tienes una cuenta o has dejado comentarios en esta web, puedes solicitar recibir un archivo de exportaci\u00f3n con los datos personales que tenemos sobre ti, incluyendo cualquier informaci\u00f3n que nos hayas proporcionado.<br>Tambi\u00e9n puedes solicitar que eliminemos cualquier dato personal que tengamos sobre ti. Esto no incluye ning\u00fan dato que estemos obligados a conservar con fines administrativos, legales o de seguridad.<\/p>\n\n\n\n<p>Adicionalmente, como usuaria\/o puedes:<\/p>\n\n\n\n<ul class=\"wp-block-list\">\n<li>Acceder a tus datos personales<\/li>\n\n\n\n<li>Rectificar datos inexactos<\/li>\n\n\n\n<li>Solicitar su supresi\u00f3n<\/li>\n\n\n\n<li>Limitar u oponerte a su tratamiento<\/li>\n\n\n\n<li>Solicitar la portabilidad de tus datos<\/li>\n<\/ul>\n\n\n\n<p>Para ejercer tus derechos, env\u00eda tu solicitud junto con copia de tu documento de identidad al correo electr\u00f3nico indicado en el apartado \u201cQui\u00e9nes somos\u201d.<br>Si consideras que tus derechos no han sido atendidos, puedes reclamar ante la <strong>Agencia Espa\u00f1ola de Protecci\u00f3n de Datos (AEPD)<\/strong>.<\/p>\n\n\n\n<h2 class=\"wp-block-heading\">D\u00f3nde se env\u00edan tus datos<\/h2>\n\n\n\n<p>Los datos enviados a trav\u00e9s de formularios de contacto se gestionan exclusivamente por la responsable de esta web con fines profesionales.<br>Los comentarios de los visitantes (en caso de estar habilitados) pueden ser revisados por un servicio autom\u00e1tico de detecci\u00f3n de spam.<\/p>\n\n\n\n<div class=\"wp-block-uagb-advanced-heading uagb-block-817e6518\"><h2 class=\"uagb-heading-text\">Confidencialidad y secreto profesional<\/h2><\/div>\n\n\n\n<p>Como psic\u00f3loga general sanitaria, me comprometo a garantizar la m\u00e1xima confidencialidad en el tratamiento de la informaci\u00f3n que compartas, en cumplimiento de la normativa en materia de protecci\u00f3n de datos y del deber de secreto profesional establecido en el <strong>C\u00f3digo Deontol\u00f3gico de la Psicolog\u00eda<\/strong>.<\/p>","protected":false},"excerpt":{"rendered":"<p>Qui\u00e9nes somos La responsable del tratamiento de los datos recogidos en esta web es:Laia Milanesi \u2013 Psic\u00f3loga General SanitariaN.\u00ba de Colegiada: 34857Correo electr\u00f3nico de contacto: laiamilanesipsicologia@gmail.comDirecci\u00f3n web: https:\/\/www.laiamilanesipsicologia.com Comentarios En esta web no est\u00e1 habilitada la funci\u00f3n de comentarios.En caso de habilitarse en el futuro, se aplicar\u00e1n las medidas est\u00e1ndar de WordPress: recopilaci\u00f3n de datos [&hellip;]<\/p>","protected":false},"author":1,"featured_media":0,"parent":0,"menu_order":0,"comment_status":"closed","ping_status":"closed","template":"","meta":{"_uag_custom_page_level_css":"","site-sidebar-layout":"default","site-content-layout":"","ast-site-content-layout":"default","site-content-style":"default","site-sidebar-style":"default","ast-global-header-display":"","ast-banner-title-visibility":"","ast-main-header-display":"","ast-hfb-above-header-display":"","ast-hfb-below-header-display":"","ast-hfb-mobile-header-display":"","site-post-title":"","ast-breadcrumbs-content":"","ast-featured-img":"","footer-sml-layout":"","theme-transparent-header-meta":"","adv-header-id-meta":"","stick-header-meta":"","header-above-stick-meta":"","header-main-stick-meta":"","header-below-stick-meta":"","astra-migrate-meta-layouts":"set","ast-page-background-enabled":"default","ast-page-background-meta":{"desktop":{"background-color":"var(--ast-global-color-4)","background-image":"","background-repeat":"repeat","background-position":"center center","background-size":"auto","background-attachment":"scroll","background-type":"","background-media":"","overlay-type":"","overlay-color":"","overlay-opacity":"","overlay-gradient":""},"tablet":{"background-color":"","background-image":"","background-repeat":"repeat","background-position":"center center","background-size":"auto","background-attachment":"scroll","background-type":"","background-media":"","overlay-type":"","overlay-color":"","overlay-opacity":"","overlay-gradient":""},"mobile":{"background-color":"","background-image":"","background-repeat":"repeat","background-position":"center center","background-size":"auto","background-attachment":"scroll","background-type":"","background-media":"","overlay-type":"","overlay-color":"","overlay-opacity":"","overlay-gradient":""}},"ast-content-background-meta":{"desktop":{"background-color":"var(--ast-global-color-5)","background-image":"","background-repeat":"repeat","background-position":"center center","background-size":"auto","background-attachment":"scroll","background-type":"","background-media":"","overlay-type":"","overlay-color":"","overlay-opacity":"","overlay-gradient":""},"tablet":{"background-color":"var(--ast-global-color-5)","background-image":"","background-repeat":"repeat","background-position":"center center","background-size":"auto","background-attachment":"scroll","background-type":"","background-media":"","overlay-type":"","overlay-color":"","overlay-opacity":"","overlay-gradient":""},"mobile":{"background-color":"var(--ast-global-color-5)","background-image":"","background-repeat":"repeat","background-position":"center center","background-size":"auto","background-attachment":"scroll","background-type":"","background-media":"","overlay-type":"","overlay-color":"","overlay-opacity":"","overlay-gradient":""}},"footnotes":""},"class_list":["post-2339","page","type-page","status-publish","hentry"],"yoast_head":"<!-- This site is optimized with the Yoast SEO plugin v25.7 - https:\/\/yoast.com\/wordpress\/plugins\/seo\/ -->\n<title>Pol\u00edtica de privacidad - laiamilanesipsicologia<\/title>\n<meta name=\"robots\" content=\"index, follow, max-snippet:-1, max-image-preview:large, max-video-preview:-1\" \/>\n<link rel=\"canonical\" href=\"https:\/\/www.laiamilanesipsicologia.com\/ca\/politica-de-privacidad\/\" \/>\n<meta property=\"og:locale\" content=\"ca_ES\" \/>\n<meta property=\"og:type\" content=\"article\" \/>\n<meta property=\"og:title\" content=\"Pol\u00edtica de privacidad - laiamilanesipsicologia\" \/>\n<meta property=\"og:description\" content=\"Qui\u00e9nes somos La responsable del tratamiento de los datos recogidos en esta web es:Laia Milanesi \u2013 Psic\u00f3loga General SanitariaN.\u00ba de Colegiada: 34857Correo electr\u00f3nico de contacto: laiamilanesipsicologia@gmail.comDirecci\u00f3n web: https:\/\/www.laiamilanesipsicologia.com Comentarios En esta web no est\u00e1 habilitada la funci\u00f3n de comentarios.En caso de habilitarse en el futuro, se aplicar\u00e1n las medidas est\u00e1ndar de WordPress: recopilaci\u00f3n de datos [&hellip;]\" \/>\n<meta property=\"og:url\" content=\"https:\/\/www.laiamilanesipsicologia.com\/ca\/politica-de-privacidad\/\" \/>\n<meta property=\"og:site_name\" content=\"laiamilanesipsicologia\" \/>\n<meta property=\"article:modified_time\" content=\"2025-08-16T07:30:15+00:00\" \/>\n<meta name=\"twitter:card\" content=\"summary_large_image\" \/>\n<meta name=\"twitter:label1\" content=\"Temps estimat de lectura\" \/>\n\t<meta name=\"twitter:data1\" content=\"5 minuts\" \/>\n<script type=\"application\/ld+json\" class=\"yoast-schema-graph\">{\"@context\":\"https:\/\/schema.org\",\"@graph\":[{\"@type\":\"WebPage\",\"@id\":\"https:\/\/www.laiamilanesipsicologia.com\/politica-de-privacidad\/\",\"url\":\"https:\/\/www.laiamilanesipsicologia.com\/politica-de-privacidad\/\",\"name\":\"Pol\u00edtica de privacidad - laiamilanesipsicologia\",\"isPartOf\":{\"@id\":\"https:\/\/www.laiamilanesipsicologia.com\/#website\"},\"datePublished\":\"2025-08-15T20:46:09+00:00\",\"dateModified\":\"2025-08-16T07:30:15+00:00\",\"breadcrumb\":{\"@id\":\"https:\/\/www.laiamilanesipsicologia.com\/politica-de-privacidad\/#breadcrumb\"},\"inLanguage\":\"ca\",\"potentialAction\":[{\"@type\":\"ReadAction\",\"target\":[\"https:\/\/www.laiamilanesipsicologia.com\/politica-de-privacidad\/\"]}]},{\"@type\":\"BreadcrumbList\",\"@id\":\"https:\/\/www.laiamilanesipsicologia.com\/politica-de-privacidad\/#breadcrumb\",\"itemListElement\":[{\"@type\":\"ListItem\",\"position\":1,\"name\":\"Portada\",\"item\":\"https:\/\/www.laiamilanesipsicologia.com\/\"},{\"@type\":\"ListItem\",\"position\":2,\"name\":\"Pol\u00edtica de privacidad\"}]},{\"@type\":\"WebSite\",\"@id\":\"https:\/\/www.laiamilanesipsicologia.com\/#website\",\"url\":\"https:\/\/www.laiamilanesipsicologia.com\/\",\"name\":\"laiamilanesipsicologia\",\"description\":\"P\u00e1gina Web de laiamilanesipsicologia\",\"publisher\":{\"@id\":\"https:\/\/www.laiamilanesipsicologia.com\/#\/schema\/person\/e84e0e4bff4de2690a6660be7a344f48\"},\"potentialAction\":[{\"@type\":\"SearchAction\",\"target\":{\"@type\":\"EntryPoint\",\"urlTemplate\":\"https:\/\/www.laiamilanesipsicologia.com\/?s={search_term_string}\"},\"query-input\":{\"@type\":\"PropertyValueSpecification\",\"valueRequired\":true,\"valueName\":\"search_term_string\"}}],\"inLanguage\":\"ca\"},{\"@type\":[\"Person\",\"Organization\"],\"@id\":\"https:\/\/www.laiamilanesipsicologia.com\/#\/schema\/person\/e84e0e4bff4de2690a6660be7a344f48\",\"name\":\"Laia Milanesi Varona\",\"image\":{\"@type\":\"ImageObject\",\"inLanguage\":\"ca\",\"@id\":\"https:\/\/www.laiamilanesipsicologia.com\/#\/schema\/person\/image\/\",\"url\":\"https:\/\/www.laiamilanesipsicologia.com\/wp-content\/uploads\/2025\/08\/1.png\",\"contentUrl\":\"https:\/\/www.laiamilanesipsicologia.com\/wp-content\/uploads\/2025\/08\/1.png\",\"width\":1080,\"height\":1080,\"caption\":\"Laia Milanesi Varona\"},\"logo\":{\"@id\":\"https:\/\/www.laiamilanesipsicologia.com\/#\/schema\/person\/image\/\"},\"sameAs\":[\"https:\/\/www.laiamilanesipsicologia.com\",\"https:\/\/www.instagram.com\/laiamilanesipsicologia\",\"www.linkedin.com\/in\/laia-milanesi-varona-291984374\"]}]}<\/script>\n<!-- \/ Yoast SEO plugin. -->","yoast_head_json":{"title":"Pol\u00edtica de privacidad - laiamilanesipsicologia","robots":{"index":"index","follow":"follow","max-snippet":"max-snippet:-1","max-image-preview":"max-image-preview:large","max-video-preview":"max-video-preview:-1"},"canonical":"https:\/\/www.laiamilanesipsicologia.com\/ca\/politica-de-privacidad\/","og_locale":"ca_ES","og_type":"article","og_title":"Pol\u00edtica de privacidad - laiamilanesipsicologia","og_description":"Qui\u00e9nes somos La responsable del tratamiento de los datos recogidos en esta web es:Laia Milanesi \u2013 Psic\u00f3loga General SanitariaN.\u00ba de Colegiada: 34857Correo electr\u00f3nico de contacto: laiamilanesipsicologia@gmail.comDirecci\u00f3n web: https:\/\/www.laiamilanesipsicologia.com Comentarios En esta web no est\u00e1 habilitada la funci\u00f3n de comentarios.En caso de habilitarse en el futuro, se aplicar\u00e1n las medidas est\u00e1ndar de WordPress: recopilaci\u00f3n de datos [&hellip;]","og_url":"https:\/\/www.laiamilanesipsicologia.com\/ca\/politica-de-privacidad\/","og_site_name":"laiamilanesipsicologia","article_modified_time":"2025-08-16T07:30:15+00:00","twitter_card":"summary_large_image","twitter_misc":{"Temps estimat de lectura":"5 minuts"},"schema":{"@context":"https:\/\/schema.org","@graph":[{"@type":"WebPage","@id":"https:\/\/www.laiamilanesipsicologia.com\/politica-de-privacidad\/","url":"https:\/\/www.laiamilanesipsicologia.com\/politica-de-privacidad\/","name":"Pol\u00edtica de privacidad - laiamilanesipsicologia","isPartOf":{"@id":"https:\/\/www.laiamilanesipsicologia.com\/#website"},"datePublished":"2025-08-15T20:46:09+00:00","dateModified":"2025-08-16T07:30:15+00:00","breadcrumb":{"@id":"https:\/\/www.laiamilanesipsicologia.com\/politica-de-privacidad\/#breadcrumb"},"inLanguage":"ca","potentialAction":[{"@type":"ReadAction","target":["https:\/\/www.laiamilanesipsicologia.com\/politica-de-privacidad\/"]}]},{"@type":"BreadcrumbList","@id":"https:\/\/www.laiamilanesipsicologia.com\/politica-de-privacidad\/#breadcrumb","itemListElement":[{"@type":"ListItem","position":1,"name":"Portada","item":"https:\/\/www.laiamilanesipsicologia.com\/"},{"@type":"ListItem","position":2,"name":"Pol\u00edtica de privacidad"}]},{"@type":"WebSite","@id":"https:\/\/www.laiamilanesipsicologia.com\/#website","url":"https:\/\/www.laiamilanesipsicologia.com\/","name":"laiamilanesipsicologia","description":"P\u00e1gina Web de laiamilanesipsicologia","publisher":{"@id":"https:\/\/www.laiamilanesipsicologia.com\/#\/schema\/person\/e84e0e4bff4de2690a6660be7a344f48"},"potentialAction":[{"@type":"SearchAction","target":{"@type":"EntryPoint","urlTemplate":"https:\/\/www.laiamilanesipsicologia.com\/?s={search_term_string}"},"query-input":{"@type":"PropertyValueSpecification","valueRequired":true,"valueName":"search_term_string"}}],"inLanguage":"ca"},{"@type":["Person","Organization"],"@id":"https:\/\/www.laiamilanesipsicologia.com\/#\/schema\/person\/e84e0e4bff4de2690a6660be7a344f48","name":"Laia Milanesi Varona","image":{"@type":"ImageObject","inLanguage":"ca","@id":"https:\/\/www.laiamilanesipsicologia.com\/#\/schema\/person\/image\/","url":"https:\/\/www.laiamilanesipsicologia.com\/wp-content\/uploads\/2025\/08\/1.png","contentUrl":"https:\/\/www.laiamilanesipsicologia.com\/wp-content\/uploads\/2025\/08\/1.png","width":1080,"height":1080,"caption":"Laia Milanesi Varona"},"logo":{"@id":"https:\/\/www.laiamilanesipsicologia.com\/#\/schema\/person\/image\/"},"sameAs":["https:\/\/www.laiamilanesipsicologia.com","https:\/\/www.instagram.com\/laiamilanesipsicologia","www.linkedin.com\/in\/laia-milanesi-varona-291984374"]}]}},"uagb_featured_image_src":{"full":false,"thumbnail":false,"medium":false,"medium_large":false,"large":false,"1536x1536":false,"2048x2048":false,"trp-custom-language-flag":false},"uagb_author_info":{"display_name":"Laia Milanesi Varona","author_link":"https:\/\/www.laiamilanesipsicologia.com\/ca\/author\/admin\/"},"uagb_comment_info":0,"uagb_excerpt":"Qui\u00e9nes somos La responsable del tratamiento de los datos recogidos en esta web es:Laia Milanesi \u2013 Psic\u00f3loga General SanitariaN.\u00ba de Colegiada: 34857Correo electr\u00f3nico de contacto: laiamilanesipsicologia@gmail.comDirecci\u00f3n web: https:\/\/www.laiamilanesipsicologia.com Comentarios En esta web no est\u00e1 habilitada la funci\u00f3n de comentarios.En caso de habilitarse en el futuro, se aplicar\u00e1n las medidas est\u00e1ndar de WordPress: recopilaci\u00f3n de datos&hellip;","_links":{"self":[{"href":"https:\/\/www.laiamilanesipsicologia.com\/ca\/wp-json\/wp\/v2\/pages\/2339","targetHints":{"allow":["GET"]}}],"collection":[{"href":"https:\/\/www.laiamilanesipsicologia.com\/ca\/wp-json\/wp\/v2\/pages"}],"about":[{"href":"https:\/\/www.laiamilanesipsicologia.com\/ca\/wp-json\/wp\/v2\/types\/page"}],"author":[{"embeddable":true,"href":"https:\/\/www.laiamilanesipsicologia.com\/ca\/wp-json\/wp\/v2\/users\/1"}],"replies":[{"embeddable":true,"href":"https:\/\/www.laiamilanesipsicologia.com\/ca\/wp-json\/wp\/v2\/comments?post=2339"}],"version-history":[{"count":3,"href":"https:\/\/www.laiamilanesipsicologia.com\/ca\/wp-json\/wp\/v2\/pages\/2339\/revisions"}],"predecessor-version":[{"id":2435,"href":"https:\/\/www.laiamilanesipsicologia.com\/ca\/wp-json\/wp\/v2\/pages\/2339\/revisions\/2435"}],"wp:attachment":[{"href":"https:\/\/www.laiamilanesipsicologia.com\/ca\/wp-json\/wp\/v2\/media?parent=2339"}],"curies":[{"name":"wp","href":"https:\/\/api.w.org\/{rel}","templated":true}]}}